{"id":181,"date":"2024-08-17T09:28:57","date_gmt":"2024-08-17T07:28:57","guid":{"rendered":"https:\/\/raabetech.com\/?page_id=181"},"modified":"2024-09-20T15:07:24","modified_gmt":"2024-09-20T13:07:24","slug":"training-2","status":"publish","type":"page","link":"https:\/\/raabetech.com\/index.php\/training-2\/","title":{"rendered":"Training"},"content":{"rendered":"\t\t<div data-elementor-type=\"wp-page\" data-elementor-id=\"181\" class=\"elementor elementor-181\">\n\t\t\t\t<div class=\"elementor-element elementor-element-a0c4388 e-con-full e-flex elementor-invisible e-con e-parent\" data-id=\"a0c4388\" data-element_type=\"container\" data-settings=\"{&quot;animation&quot;:&quot;fadeInUp&quot;}\">\n\t\t<div class=\"elementor-element elementor-element-5c8a688 e-con-full e-flex e-con e-child\" data-id=\"5c8a688\" data-element_type=\"container\">\n\t\t\t\t<div class=\"elementor-element elementor-element-fcce2c1 elementor-invisible elementor-widget elementor-widget-image\" data-id=\"fcce2c1\" data-element_type=\"widget\" data-settings=\"{&quot;_animation&quot;:&quot;zoomIn&quot;}\" data-widget_type=\"image.default\">\n\t\t\t\t<div class=\"elementor-widget-container\">\n\t\t\t<style>\/*! elementor - v3.21.0 - 26-05-2024 *\/\n.elementor-widget-image{text-align:center}.elementor-widget-image a{display:inline-block}.elementor-widget-image a img[src$=\".svg\"]{width:48px}.elementor-widget-image img{vertical-align:middle;display:inline-block}<\/style>\t\t\t\t\t\t\t\t\t\t<img fetchpriority=\"high\" decoding=\"async\" width=\"474\" height=\"474\" src=\"https:\/\/raabetech.com\/wp-content\/uploads\/2024\/09\/train2.jpg\" class=\"attachment-full size-full wp-image-298\" alt=\"\" srcset=\"https:\/\/raabetech.com\/wp-content\/uploads\/2024\/09\/train2.jpg 474w, https:\/\/raabetech.com\/wp-content\/uploads\/2024\/09\/train2-300x300.jpg 300w, https:\/\/raabetech.com\/wp-content\/uploads\/2024\/09\/train2-150x150.jpg 150w\" sizes=\"(max-width: 474px) 100vw, 474px\" \/>\t\t\t\t\t\t\t\t\t\t\t\t\t<\/div>\n\t\t\t\t<\/div>\n\t\t\t\t<\/div>\n\t\t<div class=\"elementor-element elementor-element-c7b2c07 e-con-full e-flex e-con e-child\" data-id=\"c7b2c07\" data-element_type=\"container\">\n\t\t\t\t<div class=\"elementor-element elementor-element-466fbaa elementor-widget elementor-widget-text-editor\" data-id=\"466fbaa\" data-element_type=\"widget\" data-widget_type=\"text-editor.default\">\n\t\t\t\t<div class=\"elementor-widget-container\">\n\t\t\t<style>\/*! elementor - v3.21.0 - 26-05-2024 *\/\n.elementor-widget-text-editor.elementor-drop-cap-view-stacked .elementor-drop-cap{background-color:#69727d;color:#fff}.elementor-widget-text-editor.elementor-drop-cap-view-framed .elementor-drop-cap{color:#69727d;border:3px solid;background-color:transparent}.elementor-widget-text-editor:not(.elementor-drop-cap-view-default) .elementor-drop-cap{margin-top:8px}.elementor-widget-text-editor:not(.elementor-drop-cap-view-default) .elementor-drop-cap-letter{width:1em;height:1em}.elementor-widget-text-editor .elementor-drop-cap{float:left;text-align:center;line-height:1;font-size:50px}.elementor-widget-text-editor .elementor-drop-cap-letter{display:inline-block}<\/style>\t\t\t\t<p>Chez RaabeTech, nous offrons des formations compl\u00e8tes pour vous aider \u00e0 ma\u00eetriser les comp\u00e9tences num\u00e9riques essentielles. Nos programmes incluent :<\/p><ul><li><strong>Formation en d\u00e9veloppement web et mobile<\/strong> : Apprenez \u00e0 cr\u00e9er des sites web et des applications mobiles performantes.<\/li><li><strong>Initiation \u00e0 l&#8217;intelligence artificielle<\/strong> : D\u00e9couvrez les bases de l&#8217;IA et son application pratique.<\/li><li><strong>Formation en infographie<\/strong> : D\u00e9veloppez vos comp\u00e9tences en design graphique et cr\u00e9ation num\u00e9rique.<\/li><li><strong>Ateliers sur mesure<\/strong> : Des sessions adapt\u00e9es aux besoins sp\u00e9cifiques des entreprises et des particuliers.<\/li><\/ul><p>Nos experts vous guident pour r\u00e9ussir dans le monde num\u00e9rique.<\/p>\t\t\t\t\t\t<\/div>\n\t\t\t\t<\/div>\n\t\t\t\t<\/div>\n\t\t<div class=\"elementor-element elementor-element-5de2a98 e-con-full e-flex e-con e-child\" data-id=\"5de2a98\" data-element_type=\"container\">\n\t\t\t\t<div class=\"elementor-element elementor-element-1d0c50c elementor-invisible elementor-widget elementor-widget-image\" data-id=\"1d0c50c\" data-element_type=\"widget\" data-settings=\"{&quot;_animation&quot;:&quot;zoomInRight&quot;}\" data-widget_type=\"image.default\">\n\t\t\t\t<div class=\"elementor-widget-container\">\n\t\t\t\t\t\t\t\t\t\t\t\t\t<img decoding=\"async\" width=\"1024\" height=\"575\" src=\"https:\/\/raabetech.com\/wp-content\/uploads\/2024\/09\/training-e1726837459841-1024x575.jpg\" class=\"attachment-large size-large wp-image-299\" alt=\"\" srcset=\"https:\/\/raabetech.com\/wp-content\/uploads\/2024\/09\/training-e1726837459841-1024x575.jpg 1024w, https:\/\/raabetech.com\/wp-content\/uploads\/2024\/09\/training-e1726837459841-300x168.jpg 300w, https:\/\/raabetech.com\/wp-content\/uploads\/2024\/09\/training-e1726837459841-768x431.jpg 768w, https:\/\/raabetech.com\/wp-content\/uploads\/2024\/09\/training-e1726837459841.jpg 1500w\" sizes=\"(max-width: 1024px) 100vw, 1024px\" \/>\t\t\t\t\t\t\t\t\t\t\t\t\t<\/div>\n\t\t\t\t<\/div>\n\t\t\t\t<\/div>\n\t\t\t\t<\/div>\n\t\t\t\t<\/div>\n\t\t","protected":false},"excerpt":{"rendered":"<p>Chez RaabeTech, nous offrons des formations compl\u00e8tes pour vous aider \u00e0 ma\u00eetriser les comp\u00e9tences num\u00e9riques essentielles. Nos programmes incluent : Formation en d\u00e9veloppement web et mobile : Apprenez \u00e0 cr\u00e9er des sites web et des applications mobiles performantes. Initiation \u00e0 l&#8217;intelligence artificielle : D\u00e9couvrez les bases de l&#8217;IA et son application pratique. Formation en infographie [&hellip;]<\/p>\n","protected":false},"author":1,"featured_media":0,"parent":0,"menu_order":0,"comment_status":"closed","ping_status":"closed","template":"","meta":{"footnotes":""},"class_list":["post-181","page","type-page","status-publish","hentry"],"_links":{"self":[{"href":"https:\/\/raabetech.com\/index.php\/wp-json\/wp\/v2\/pages\/181","targetHints":{"allow":["GET"]}}],"collection":[{"href":"https:\/\/raabetech.com\/index.php\/wp-json\/wp\/v2\/pages"}],"about":[{"href":"https:\/\/raabetech.com\/index.php\/wp-json\/wp\/v2\/types\/page"}],"author":[{"embeddable":true,"href":"https:\/\/raabetech.com\/index.php\/wp-json\/wp\/v2\/users\/1"}],"replies":[{"embeddable":true,"href":"https:\/\/raabetech.com\/index.php\/wp-json\/wp\/v2\/comments?post=181"}],"version-history":[{"count":4,"href":"https:\/\/raabetech.com\/index.php\/wp-json\/wp\/v2\/pages\/181\/revisions"}],"predecessor-version":[{"id":303,"href":"https:\/\/raabetech.com\/index.php\/wp-json\/wp\/v2\/pages\/181\/revisions\/303"}],"wp:attachment":[{"href":"https:\/\/raabetech.com\/index.php\/wp-json\/wp\/v2\/media?parent=181"}],"curies":[{"name":"wp","href":"https:\/\/api.w.org\/{rel}","templated":true}]}}