{"id":177,"date":"2024-08-17T09:28:25","date_gmt":"2024-08-17T07:28:25","guid":{"rendered":"https:\/\/raabetech.com\/?page_id=177"},"modified":"2024-09-20T15:14:51","modified_gmt":"2024-09-20T13:14:51","slug":"infography-2","status":"publish","type":"page","link":"https:\/\/raabetech.com\/index.php\/infography-2\/","title":{"rendered":"Infography"},"content":{"rendered":"\t\t<div data-elementor-type=\"wp-page\" data-elementor-id=\"177\" class=\"elementor elementor-177\">\n\t\t\t\t<div class=\"elementor-element elementor-element-20a8e91 e-con-full e-flex elementor-invisible e-con e-parent\" data-id=\"20a8e91\" data-element_type=\"container\" data-settings=\"{&quot;animation&quot;:&quot;fadeInUp&quot;}\">\n\t\t\t\t<div class=\"elementor-element elementor-element-8055201 elementor-widget__width-initial elementor-invisible elementor-widget elementor-widget-image\" data-id=\"8055201\" data-element_type=\"widget\" data-settings=\"{&quot;_animation&quot;:&quot;zoomInLeft&quot;}\" data-widget_type=\"image.default\">\n\t\t\t\t<div class=\"elementor-widget-container\">\n\t\t\t<style>\/*! elementor - v3.21.0 - 26-05-2024 *\/\n.elementor-widget-image{text-align:center}.elementor-widget-image a{display:inline-block}.elementor-widget-image a img[src$=\".svg\"]{width:48px}.elementor-widget-image img{vertical-align:middle;display:inline-block}<\/style>\t\t\t\t\t\t\t\t\t\t<img fetchpriority=\"high\" decoding=\"async\" width=\"561\" height=\"445\" src=\"https:\/\/raabetech.com\/wp-content\/uploads\/2024\/09\/R-removebg-preview.png\" class=\"attachment-large size-large wp-image-284\" alt=\"\" srcset=\"https:\/\/raabetech.com\/wp-content\/uploads\/2024\/09\/R-removebg-preview.png 561w, https:\/\/raabetech.com\/wp-content\/uploads\/2024\/09\/R-removebg-preview-300x238.png 300w\" sizes=\"(max-width: 561px) 100vw, 561px\" \/>\t\t\t\t\t\t\t\t\t\t\t\t\t<\/div>\n\t\t\t\t<\/div>\n\t\t<div class=\"elementor-element elementor-element-a8d9ebf e-con-full e-flex e-con e-child\" data-id=\"a8d9ebf\" data-element_type=\"container\">\n\t\t\t\t<div class=\"elementor-element elementor-element-4df653a elementor-invisible elementor-widget elementor-widget-text-editor\" data-id=\"4df653a\" data-element_type=\"widget\" data-settings=\"{&quot;_animation&quot;:&quot;bounceInRight&quot;}\" data-widget_type=\"text-editor.default\">\n\t\t\t\t<div class=\"elementor-widget-container\">\n\t\t\t<style>\/*! elementor - v3.21.0 - 26-05-2024 *\/\n.elementor-widget-text-editor.elementor-drop-cap-view-stacked .elementor-drop-cap{background-color:#69727d;color:#fff}.elementor-widget-text-editor.elementor-drop-cap-view-framed .elementor-drop-cap{color:#69727d;border:3px solid;background-color:transparent}.elementor-widget-text-editor:not(.elementor-drop-cap-view-default) .elementor-drop-cap{margin-top:8px}.elementor-widget-text-editor:not(.elementor-drop-cap-view-default) .elementor-drop-cap-letter{width:1em;height:1em}.elementor-widget-text-editor .elementor-drop-cap{float:left;text-align:center;line-height:1;font-size:50px}.elementor-widget-text-editor .elementor-drop-cap-letter{display:inline-block}<\/style>\t\t\t\t<p>Chez RaabeTech, nous offrons des services d&#8217;infographie innovants pour donner vie \u00e0 vos id\u00e9es. Notre expertise couvre :<\/p><ul><li><strong>Cr\u00e9ation de logos<\/strong> : Conception de logos uniques qui repr\u00e9sentent l\u2019identit\u00e9 de votre marque.<\/li><li><strong>Design graphique<\/strong> : Cr\u00e9ation de supports visuels captivants (flyers, brochures, affiches).<\/li><li><strong>Illustrations et animations<\/strong> : D\u00e9veloppement d&#8217;illustrations sur mesure et d&#8217;animations dynamiques pour vos projets multim\u00e9dia.<\/li><li><strong>Design UX\/UI<\/strong> : Am\u00e9lioration de l&#8217;exp\u00e9rience utilisateur avec des interfaces ergonomiques et esth\u00e9tiques.<\/li><\/ul><p>Nous allions cr\u00e9ativit\u00e9 et technologie pour des solutions visuelles percutantes.<\/p>\t\t\t\t\t\t<\/div>\n\t\t\t\t<\/div>\n\t\t\t\t<\/div>\n\t\t\t\t<\/div>\n\t\t\t\t<\/div>\n\t\t","protected":false},"excerpt":{"rendered":"<p>Chez RaabeTech, nous offrons des services d&#8217;infographie innovants pour donner vie \u00e0 vos id\u00e9es. Notre expertise couvre : Cr\u00e9ation de logos : Conception de logos uniques qui repr\u00e9sentent l\u2019identit\u00e9 de votre marque. Design graphique : Cr\u00e9ation de supports visuels captivants (flyers, brochures, affiches). Illustrations et animations : D\u00e9veloppement d&#8217;illustrations sur mesure et d&#8217;animations dynamiques pour [&hellip;]<\/p>\n","protected":false},"author":1,"featured_media":0,"parent":0,"menu_order":0,"comment_status":"closed","ping_status":"closed","template":"","meta":{"footnotes":""},"class_list":["post-177","page","type-page","status-publish","hentry"],"_links":{"self":[{"href":"https:\/\/raabetech.com\/index.php\/wp-json\/wp\/v2\/pages\/177","targetHints":{"allow":["GET"]}}],"collection":[{"href":"https:\/\/raabetech.com\/index.php\/wp-json\/wp\/v2\/pages"}],"about":[{"href":"https:\/\/raabetech.com\/index.php\/wp-json\/wp\/v2\/types\/page"}],"author":[{"embeddable":true,"href":"https:\/\/raabetech.com\/index.php\/wp-json\/wp\/v2\/users\/1"}],"replies":[{"embeddable":true,"href":"https:\/\/raabetech.com\/index.php\/wp-json\/wp\/v2\/comments?post=177"}],"version-history":[{"count":7,"href":"https:\/\/raabetech.com\/index.php\/wp-json\/wp\/v2\/pages\/177\/revisions"}],"predecessor-version":[{"id":311,"href":"https:\/\/raabetech.com\/index.php\/wp-json\/wp\/v2\/pages\/177\/revisions\/311"}],"wp:attachment":[{"href":"https:\/\/raabetech.com\/index.php\/wp-json\/wp\/v2\/media?parent=177"}],"curies":[{"name":"wp","href":"https:\/\/api.w.org\/{rel}","templated":true}]}}