{"id":173,"date":"2024-08-17T09:27:43","date_gmt":"2024-08-17T07:27:43","guid":{"rendered":"https:\/\/raabetech.com\/?page_id=173"},"modified":"2024-09-20T15:16:24","modified_gmt":"2024-09-20T13:16:24","slug":"artificial-intelligence-modeling-2","status":"publish","type":"page","link":"https:\/\/raabetech.com\/index.php\/artificial-intelligence-modeling-2\/","title":{"rendered":"Artificial Intelligence &#038; Modeling"},"content":{"rendered":"\t\t<div data-elementor-type=\"wp-page\" data-elementor-id=\"173\" class=\"elementor elementor-173\">\n\t\t\t\t<div class=\"elementor-element elementor-element-4ff730d e-con-full e-flex elementor-invisible e-con e-parent\" data-id=\"4ff730d\" data-element_type=\"container\" data-settings=\"{&quot;animation&quot;:&quot;slideInUp&quot;}\">\n\t\t<div class=\"elementor-element elementor-element-9444e07 e-con-full e-flex e-con e-child\" data-id=\"9444e07\" data-element_type=\"container\">\n\t\t\t\t<div class=\"elementor-element elementor-element-7c68c99 elementor-invisible elementor-widget elementor-widget-image\" data-id=\"7c68c99\" data-element_type=\"widget\" data-settings=\"{&quot;_animation&quot;:&quot;fadeInLeft&quot;}\" data-widget_type=\"image.default\">\n\t\t\t\t<div class=\"elementor-widget-container\">\n\t\t\t<style>\/*! elementor - v3.21.0 - 26-05-2024 *\/\n.elementor-widget-image{text-align:center}.elementor-widget-image a{display:inline-block}.elementor-widget-image a img[src$=\".svg\"]{width:48px}.elementor-widget-image img{vertical-align:middle;display:inline-block}<\/style>\t\t\t\t\t\t\t\t\t\t<img fetchpriority=\"high\" decoding=\"async\" width=\"474\" height=\"276\" src=\"https:\/\/raabetech.com\/wp-content\/uploads\/2024\/09\/AI.jpg\" class=\"attachment-large size-large wp-image-279\" alt=\"\" srcset=\"https:\/\/raabetech.com\/wp-content\/uploads\/2024\/09\/AI.jpg 474w, https:\/\/raabetech.com\/wp-content\/uploads\/2024\/09\/AI-300x175.jpg 300w\" sizes=\"(max-width: 474px) 100vw, 474px\" \/>\t\t\t\t\t\t\t\t\t\t\t\t\t<\/div>\n\t\t\t\t<\/div>\n\t\t\t\t<\/div>\n\t\t<div class=\"elementor-element elementor-element-1048ff9 e-con-full e-flex e-con e-child\" data-id=\"1048ff9\" data-element_type=\"container\">\n\t\t\t\t<div class=\"elementor-element elementor-element-ce4a7dc elementor-widget elementor-widget-text-editor\" data-id=\"ce4a7dc\" data-element_type=\"widget\" data-widget_type=\"text-editor.default\">\n\t\t\t\t<div class=\"elementor-widget-container\">\n\t\t\t<style>\/*! elementor - v3.21.0 - 26-05-2024 *\/\n.elementor-widget-text-editor.elementor-drop-cap-view-stacked .elementor-drop-cap{background-color:#69727d;color:#fff}.elementor-widget-text-editor.elementor-drop-cap-view-framed .elementor-drop-cap{color:#69727d;border:3px solid;background-color:transparent}.elementor-widget-text-editor:not(.elementor-drop-cap-view-default) .elementor-drop-cap{margin-top:8px}.elementor-widget-text-editor:not(.elementor-drop-cap-view-default) .elementor-drop-cap-letter{width:1em;height:1em}.elementor-widget-text-editor .elementor-drop-cap{float:left;text-align:center;line-height:1;font-size:50px}.elementor-widget-text-editor .elementor-drop-cap-letter{display:inline-block}<\/style>\t\t\t\t<p>Chez RaabeTech, nous exploitons la puissance de l&#8217;intelligence artificielle (IA) et de la mod\u00e9lisation pour transformer des donn\u00e9es en solutions concr\u00e8tes. Nos services incluent :<\/p><ul><li><strong>Analyse pr\u00e9dictive<\/strong> : Utilisation de mod\u00e8les IA pour anticiper les tendances et am\u00e9liorer la prise de d\u00e9cision.<\/li><li><strong>Automatisation<\/strong> : Optimisation des processus m\u00e9tiers gr\u00e2ce \u00e0 des algorithmes d&#8217;apprentissage automatique.<\/li><li><strong>Mod\u00e9lisation 3D et simulations<\/strong> : Cr\u00e9ation de mod\u00e8les num\u00e9riques pour visualiser et analyser des sc\u00e9narios complexes.<\/li><\/ul><p>Nous d\u00e9veloppons des solutions personnalis\u00e9es pour r\u00e9pondre aux besoins uniques de nos clients dans divers secteurs.<\/p>\t\t\t\t\t\t<\/div>\n\t\t\t\t<\/div>\n\t\t\t\t<\/div>\n\t\t<div class=\"elementor-element elementor-element-8a84841 e-con-full e-flex e-con e-child\" data-id=\"8a84841\" data-element_type=\"container\">\n\t\t\t\t<div class=\"elementor-element elementor-element-1b04641 elementor-invisible elementor-widget elementor-widget-image\" data-id=\"1b04641\" data-element_type=\"widget\" data-settings=\"{&quot;_animation&quot;:&quot;fadeInRight&quot;}\" data-widget_type=\"image.default\">\n\t\t\t\t<div class=\"elementor-widget-container\">\n\t\t\t\t\t\t\t\t\t\t\t\t\t<img decoding=\"async\" width=\"474\" height=\"293\" src=\"https:\/\/raabetech.com\/wp-content\/uploads\/2024\/09\/IA.jpg\" class=\"attachment-large size-large wp-image-278\" alt=\"\" srcset=\"https:\/\/raabetech.com\/wp-content\/uploads\/2024\/09\/IA.jpg 474w, https:\/\/raabetech.com\/wp-content\/uploads\/2024\/09\/IA-300x185.jpg 300w\" sizes=\"(max-width: 474px) 100vw, 474px\" \/>\t\t\t\t\t\t\t\t\t\t\t\t\t<\/div>\n\t\t\t\t<\/div>\n\t\t\t\t<\/div>\n\t\t\t\t<\/div>\n\t\t\t\t<\/div>\n\t\t","protected":false},"excerpt":{"rendered":"<p>Chez RaabeTech, nous exploitons la puissance de l&#8217;intelligence artificielle (IA) et de la mod\u00e9lisation pour transformer des donn\u00e9es en solutions concr\u00e8tes. Nos services incluent : Analyse pr\u00e9dictive : Utilisation de mod\u00e8les IA pour anticiper les tendances et am\u00e9liorer la prise de d\u00e9cision. Automatisation : Optimisation des processus m\u00e9tiers gr\u00e2ce \u00e0 des algorithmes d&#8217;apprentissage automatique. Mod\u00e9lisation [&hellip;]<\/p>\n","protected":false},"author":1,"featured_media":0,"parent":0,"menu_order":0,"comment_status":"closed","ping_status":"closed","template":"","meta":{"footnotes":""},"class_list":["post-173","page","type-page","status-publish","hentry"],"_links":{"self":[{"href":"https:\/\/raabetech.com\/index.php\/wp-json\/wp\/v2\/pages\/173","targetHints":{"allow":["GET"]}}],"collection":[{"href":"https:\/\/raabetech.com\/index.php\/wp-json\/wp\/v2\/pages"}],"about":[{"href":"https:\/\/raabetech.com\/index.php\/wp-json\/wp\/v2\/types\/page"}],"author":[{"embeddable":true,"href":"https:\/\/raabetech.com\/index.php\/wp-json\/wp\/v2\/users\/1"}],"replies":[{"embeddable":true,"href":"https:\/\/raabetech.com\/index.php\/wp-json\/wp\/v2\/comments?post=173"}],"version-history":[{"count":7,"href":"https:\/\/raabetech.com\/index.php\/wp-json\/wp\/v2\/pages\/173\/revisions"}],"predecessor-version":[{"id":314,"href":"https:\/\/raabetech.com\/index.php\/wp-json\/wp\/v2\/pages\/173\/revisions\/314"}],"wp:attachment":[{"href":"https:\/\/raabetech.com\/index.php\/wp-json\/wp\/v2\/media?parent=173"}],"curies":[{"name":"wp","href":"https:\/\/api.w.org\/{rel}","templated":true}]}}