{"id":128,"date":"2024-08-17T09:06:36","date_gmt":"2024-08-17T07:06:36","guid":{"rendered":"https:\/\/raabetech.com\/?page_id=128"},"modified":"2024-09-22T15:43:23","modified_gmt":"2024-09-22T13:43:23","slug":"our-team","status":"publish","type":"page","link":"https:\/\/raabetech.com\/index.php\/our-team\/","title":{"rendered":"Our Team"},"content":{"rendered":"\t\t<div data-elementor-type=\"wp-page\" data-elementor-id=\"128\" class=\"elementor elementor-128\">\n\t\t\t\t<div class=\"elementor-element elementor-element-697a9f7a e-flex e-con-boxed e-con e-parent\" data-id=\"697a9f7a\" data-element_type=\"container\">\n\t\t\t\t\t<div class=\"e-con-inner\">\n\t\t\t\t<div class=\"elementor-element elementor-element-18fe79e elementor-invisible elementor-widget elementor-widget-heading\" data-id=\"18fe79e\" data-element_type=\"widget\" data-settings=\"{&quot;_animation&quot;:&quot;zoomIn&quot;}\" data-widget_type=\"heading.default\">\n\t\t\t\t<div class=\"elementor-widget-container\">\n\t\t\t<style>\/*! elementor - v3.21.0 - 26-05-2024 *\/\n.elementor-heading-title{padding:0;margin:0;line-height:1}.elementor-widget-heading .elementor-heading-title[class*=elementor-size-]>a{color:inherit;font-size:inherit;line-height:inherit}.elementor-widget-heading .elementor-heading-title.elementor-size-small{font-size:15px}.elementor-widget-heading .elementor-heading-title.elementor-size-medium{font-size:19px}.elementor-widget-heading .elementor-heading-title.elementor-size-large{font-size:29px}.elementor-widget-heading .elementor-heading-title.elementor-size-xl{font-size:39px}.elementor-widget-heading .elementor-heading-title.elementor-size-xxl{font-size:59px}<\/style><h3 class=\"elementor-heading-title elementor-size-default\">A dedicated team skilled in diverse array of skills with international exposure<\/h3>\t\t<\/div>\n\t\t\t\t<\/div>\n\t\t\t\t\t<\/div>\n\t\t\t\t<\/div>\n\t\t<div class=\"elementor-element elementor-element-e2a013a e-con-full e-flex elementor-invisible e-con e-parent\" data-id=\"e2a013a\" data-element_type=\"container\" data-settings=\"{&quot;animation&quot;:&quot;swing&quot;}\">\n\t\t\t\t<div class=\"elementor-element elementor-element-a5a117e elementor-widget elementor-widget-spacer\" data-id=\"a5a117e\" data-element_type=\"widget\" data-widget_type=\"spacer.default\">\n\t\t\t\t<div class=\"elementor-widget-container\">\n\t\t\t<style>\/*! elementor - v3.21.0 - 26-05-2024 *\/\n.elementor-column .elementor-spacer-inner{height:var(--spacer-size)}.e-con{--container-widget-width:100%}.e-con-inner>.elementor-widget-spacer,.e-con>.elementor-widget-spacer{width:var(--container-widget-width,var(--spacer-size));--align-self:var(--container-widget-align-self,initial);--flex-shrink:0}.e-con-inner>.elementor-widget-spacer>.elementor-widget-container,.e-con>.elementor-widget-spacer>.elementor-widget-container{height:100%;width:100%}.e-con-inner>.elementor-widget-spacer>.elementor-widget-container>.elementor-spacer,.e-con>.elementor-widget-spacer>.elementor-widget-container>.elementor-spacer{height:100%}.e-con-inner>.elementor-widget-spacer>.elementor-widget-container>.elementor-spacer>.elementor-spacer-inner,.e-con>.elementor-widget-spacer>.elementor-widget-container>.elementor-spacer>.elementor-spacer-inner{height:var(--container-widget-height,var(--spacer-size))}.e-con-inner>.elementor-widget-spacer.elementor-widget-empty,.e-con>.elementor-widget-spacer.elementor-widget-empty{position:relative;min-height:22px;min-width:22px}.e-con-inner>.elementor-widget-spacer.elementor-widget-empty .elementor-widget-empty-icon,.e-con>.elementor-widget-spacer.elementor-widget-empty .elementor-widget-empty-icon{position:absolute;top:0;bottom:0;left:0;right:0;margin:auto;padding:0;width:22px;height:22px}<\/style>\t\t<div class=\"elementor-spacer\">\n\t\t\t<div class=\"elementor-spacer-inner\"><\/div>\n\t\t<\/div>\n\t\t\t\t<\/div>\n\t\t\t\t<\/div>\n\t\t\t\t<div class=\"elementor-element elementor-element-c32c012 elementor-widget__width-initial elementor-widget elementor-widget-shortcode\" data-id=\"c32c012\" data-element_type=\"widget\" data-widget_type=\"shortcode.default\">\n\t\t\t\t<div class=\"elementor-widget-container\">\n\t\t\t\t\t<div class=\"elementor-shortcode\">\t<!-- wpshopmart team builder wrapper -->\r\n\t<div class=\"wpsm_team_3_b_row\" id=\"wpsm_team_3_b_row_84\">\r\n\t\t<div class=\"wpsm_row\">  \r\n\t\t\t<style>\r\n\t\t\t#wpsm_team_3_b_row_84 .wpsm_row{\r\n\t\t\t\tpadding:20px 0;\r\n\t\t\t}\r\n\t\t\t#wpsm_team_3_b_row_84 .wpsm_team_3_member_wrapper_inner h3{\r\n\t\t\t\tcolor:#000000 !important;\r\n\t\t\t\tfont-size:18px !important;\r\n\t\t\t\t\t\t\t\t  font-family:'Open Sans';\r\n\t\t\t\t\t\t\t\t\r\n\t\t\t}\r\n\t\t\t#wpsm_team_3_b_row_84 .wpsm_team_3_name_divider{\r\n\t\t\t\tbackground-color:#000000 !important;\r\n\t\t\t}\r\n\t\t\t#wpsm_team_3_b_row_84 .wpsm_team_3_b_desig{\r\n\t\t\t\tcolor:#000000 !important;\r\n\t\t\t\tfont-size:14px !important;\r\n\t\t\t\t\t\t\t\t   font-family:'Open Sans';\r\n\t\t\t\t\t\t\t}\r\n\t\t\t#wpsm_team_3_b_row_84 .wpsm_team_3_b_desc{\r\n\t\t\t\tcolor:#000000 !important;\r\n\t\t\t\tfont-size:14px !important;\r\n\t\t\t\t\t\t\t\t   font-family:'Open Sans';\r\n\t\t\t\t\t\t\t}\r\n\t\t\t#wpsm_team_3_b_row_84  p{\r\n\t\t\t\tcolor:#000000 !important;\r\n\t\t\t\tfont-size:14px !important;\r\n\t\t\t    \t\t\t\t   font-family:'Open Sans';\r\n\t\t\t\t\t\t\t\t\r\n\t\t\t}\r\n\t\t\t#wpsm_team_3_b_row_84 .wpsm_team_3_name_divider {\r\n\t\t\t\theight: 0px;\r\n\t\t\t}\r\n\t\t\t\r\n\t\t\t#wpsm_team_3_b_row_84 .wpsm_team_3_social_div a i{\r\n\t\t\t\tcolor:#1e73be !important;\r\n\t\t\t\tbackground: transparent !important;\r\n\t\t\t}\r\n\t\t\t#wpsm_team_3_b_row_84 .wpsm_tram_img_wrap {\r\n\t\t\t  width: 100px !important;\r\n\t\t\t  height: 100px !important;\r\n\t\t\t  border-radius: 50% !important;\r\n\t\t\t  position: relative !important;\r\n\t\t\t  overflow: hidden !important;\r\n\t\t\t  margin-left:auto !important;\r\n\t\t\t  margin-right:auto !important;\r\n\t\t\t}\r\n\t\t\t#wpsm_team_3_b_row_84 .wpsm_tram_img_wrap img {\r\n\t\t\t  min-width: 100% !important;\r\n\t\t\t  min-height: 100% !important;\r\n\t\t\t  width: auto !important;\r\n\t\t\t  height: auto !important;\r\n\t\t\t  position: absolute !important;\r\n\t\t\t  left: 50% !important;\r\n\t\t\t  top: 50% !important;\r\n\t\t\t  -webkit-transform: translate(-50%, -50%) !important;\r\n\t\t\t  -moz-transform: translate(-50%, -50%) !important;\r\n\t\t\t  -ms-transform: translate(-50%, -50%) !important;\r\n\t\t\t\ttransform: translate(-50%, -50%) !important;\r\n\t\t\t\t}\r\n\t\t\t\t\r\n\t\t\t\t#wpsm_team_3_b_row_84 .wpsm_team_3_member_wrapper{\r\n\t\t\t\tbackground:#ffffff !important;\r\n\t\t\t}\r\n\t\t\t\t\t\t\r\n\t\t\t<\/style>\r\n\t\t\t\t\t\t \r\n\t\t\t\t\t<div class=\"wpsm_col-md-4 wpsm_col-sm-6 wpsm-col-div wpsm_single_team\">\r\n\t\t\t\t\t\t<div class=\"wpsm_team_3_member_wrapper\">\r\n\t\t\t\t\t\t\t<div class=\"wpsm_tram_img_wrap\">\r\n\t\t\t\t\t\t\t  <img decoding=\"async\" class=\"img-responsive wpsm_team_3_mem_img\" src=\"http:\/\/raabetech.com\/wp-content\/uploads\/2024\/09\/IMG_0996-scaled.jpg\" alt=\"Hermann AHMED KONAYAL\">\r\n\t\t\t\t\t\t\t<\/div>\r\n\t\t\t\t\t\t\t\r\n\t\t\t\t\t\t\t<div class=\"wpsm_team_3_member_wrapper_inner\">\r\n\t\t\t\t\t\t\t\t<h3>\r\n\t\t\t\t\t\t\t\t\tHermann AHMED KONAYAL\t\t\t\t\t\t\t\t\t<div class=\"wpsm_team_3_name_divider\"><\/div>\r\n\t\t\t\t\t\t\t\t<\/h3>\r\n\t\t\t\t\t\t\t\t<span class=\"wpsm_team_3_b_desig\"> Cofounder, Software Developer <\/span> \t\t\t\t\t\t\t\t<p class=\"wpsm_team_3_b_desc\"> Hermann is a developer graduated from the University Saint Charles Lwanga, in Sarh (Chad). He holds a bachelor degree in computer science. Hermann works for different companies as software developer. Passionated by mobile and web application, he co-founded RaabeTech to use sciences and technology as a vector of sustainable local development. He is an open-minded person using technology to facilitate daily tasks.   <\/p> \t\t\t\t\t\t\t\t<div class=\"wpsm_team_3_social_div\">\r\n\t\t\t\t\t\t\t\t\t\t\t\t\t\t\t\t\t\t\t\t\t\t\t\t\t\t\t\t\t\t\t\t\t\t\t\t\t\t\t\t\t\t\t\t<\/div>\r\n\t\t\t\t\t\t\t<\/div>\r\n\t\t\t\t\t\t<\/div>\r\n\t\t\t\t\t<\/div>\r\n\t\t\t\t\t\t\t\t\t\t\t\t\t \r\n\t\t\t\t\t<div class=\"wpsm_col-md-4 wpsm_col-sm-6 wpsm-col-div wpsm_single_team\">\r\n\t\t\t\t\t\t<div class=\"wpsm_team_3_member_wrapper\">\r\n\t\t\t\t\t\t\t<div class=\"wpsm_tram_img_wrap\">\r\n\t\t\t\t\t\t\t  <img decoding=\"async\" class=\"img-responsive wpsm_team_3_mem_img\" src=\"http:\/\/raabetech.com\/wp-content\/uploads\/2024\/09\/WhatsApp-Image-2024-09-16-at-12.38.41.jpeg\" alt=\"Mbaimou Auxence NGREMMADJI\">\r\n\t\t\t\t\t\t\t<\/div>\r\n\t\t\t\t\t\t\t\r\n\t\t\t\t\t\t\t<div class=\"wpsm_team_3_member_wrapper_inner\">\r\n\t\t\t\t\t\t\t\t<h3>\r\n\t\t\t\t\t\t\t\t\tMbaimou Auxence NGREMMADJI\t\t\t\t\t\t\t\t\t<div class=\"wpsm_team_3_name_divider\"><\/div>\r\n\t\t\t\t\t\t\t\t<\/h3>\r\n\t\t\t\t\t\t\t\t<span class=\"wpsm_team_3_b_desig\"> Cofounder, Ph.D. Student in Medical Imaging <\/span> \t\t\t\t\t\t\t\t<p class=\"wpsm_team_3_b_desc\"> Auxence is currently a Ph.D. student working on quantitative Magnetic Resonance (MR) imaging of the human placental vascularization. His transdisciplinary topic encompasses mathematics, physics and medicine. He works on the super-resolution image reconstruction, estimation of biomarkers for assessing placental pathology disease such as Placenta Accreta Spectrum and ex vivo placental image segmentation. \r\nAuxence has been graduated from Sorbonne Universit\u00e9 where he obtained a Master degree in Mathematical Modeling and from Universit\u00e9 Cheikh Anta Diop (S\u00e9n\u00e9gal) where he held a Bachelor degree in Mathematics. He is interested in the use sciences and technology to fix local issues.  <\/p> \t\t\t\t\t\t\t\t<div class=\"wpsm_team_3_social_div\">\r\n\t\t\t\t\t\t\t\t\t\t\t\t\t\t\t\t\t\t\t\t\t\t\t\t\t\t\t\t\t\t\t\t\t\t\t\t\t\t\t\t\t\t\t\t<\/div>\r\n\t\t\t\t\t\t\t<\/div>\r\n\t\t\t\t\t\t<\/div>\r\n\t\t\t\t\t<\/div>\r\n\t\t\t\t\t\t\t\t\t\t\t\t\t \r\n\t\t\t\t\t<div class=\"wpsm_col-md-4 wpsm_col-sm-6 wpsm-col-div wpsm_single_team\">\r\n\t\t\t\t\t\t<div class=\"wpsm_team_3_member_wrapper\">\r\n\t\t\t\t\t\t\t<div class=\"wpsm_tram_img_wrap\">\r\n\t\t\t\t\t\t\t  <img decoding=\"async\" class=\"img-responsive wpsm_team_3_mem_img\" src=\"http:\/\/raabetech.com\/wp-content\/uploads\/2024\/09\/20230308_123404-scaled.jpg\" alt=\"Narcisse BEYA MBAINANDE\">\r\n\t\t\t\t\t\t\t<\/div>\r\n\t\t\t\t\t\t\t\r\n\t\t\t\t\t\t\t<div class=\"wpsm_team_3_member_wrapper_inner\">\r\n\t\t\t\t\t\t\t\t<h3>\r\n\t\t\t\t\t\t\t\t\tNarcisse BEYA MBAINANDE\t\t\t\t\t\t\t\t\t<div class=\"wpsm_team_3_name_divider\"><\/div>\r\n\t\t\t\t\t\t\t\t<\/h3>\r\n\t\t\t\t\t\t\t\t<span class=\"wpsm_team_3_b_desig\"> Internal Collaborator, Pharmacist <\/span> \t\t\t\t\t\t\t\t<p class=\"wpsm_team_3_b_desc\"> Narcisse is a young Pharmacist graduated from the Universit\u00e9 Cheikh Anta Diop (S\u00e9n\u00e9gal) in 2024. He was involved in the associative activities in Dakar (S\u00e9n\u00e9gal) where he was responsible of the communication department of the Association of Chadian medical student at the Universit\u00e9 Cheikh Anta Diop. Narcisse is a methodical person, with leadership skills.\r\n <\/p> \t\t\t\t\t\t\t\t<div class=\"wpsm_team_3_social_div\">\r\n\t\t\t\t\t\t\t\t\t\t\t\t\t\t\t\t\t\t\t\t\t\t\t\t\t\t\t\t\t\t\t\t\t\t\t\t\t\t\t\t\t\t\t\t<\/div>\r\n\t\t\t\t\t\t\t<\/div>\r\n\t\t\t\t\t\t<\/div>\r\n\t\t\t\t\t<\/div>\r\n\t\t\t\t\t\t\t\t\t\t\t<\/div>\r\n\t\t\t\t\t\t<div class=\"wpsm_row\">\r\n\t\t\t\t\t\t\t\t\t\t\t\t\t\t \r\n\t\t\t\t\t<div class=\"wpsm_col-md-4 wpsm_col-sm-6 wpsm-col-div wpsm_single_team\">\r\n\t\t\t\t\t\t<div class=\"wpsm_team_3_member_wrapper\">\r\n\t\t\t\t\t\t\t<div class=\"wpsm_tram_img_wrap\">\r\n\t\t\t\t\t\t\t  <img decoding=\"async\" class=\"img-responsive wpsm_team_3_mem_img\" src=\"http:\/\/raabetech.com\/wp-content\/uploads\/2024\/09\/Screenshot-from-2024-09-22-21-00-58.png\" alt=\"Mbaimou Cyril ALLAHESSEM\">\r\n\t\t\t\t\t\t\t<\/div>\r\n\t\t\t\t\t\t\t\r\n\t\t\t\t\t\t\t<div class=\"wpsm_team_3_member_wrapper_inner\">\r\n\t\t\t\t\t\t\t\t<h3>\r\n\t\t\t\t\t\t\t\t\tMbaimou Cyril ALLAHESSEM\t\t\t\t\t\t\t\t\t<div class=\"wpsm_team_3_name_divider\"><\/div>\r\n\t\t\t\t\t\t\t\t<\/h3>\r\n\t\t\t\t\t\t\t\t<span class=\"wpsm_team_3_b_desig\"> Internal Collaborator, Medical student <\/span> \t\t\t\t\t\t\t\t<p class=\"wpsm_team_3_b_desc\"> Cyril is a medical student at the Universit\u00e9 Iba Der Thiam in Thies (Senegal). He did different medical internships at Thies hospital. He is interested in reconstructive and aesthetic plastic surgery. He speaks English and French, and he is learning German.Meticulous and well organized, Cyril like Basket-ball and swimming.  <\/p> \t\t\t\t\t\t\t\t<div class=\"wpsm_team_3_social_div\">\r\n\t\t\t\t\t\t\t\t\t\t\t\t\t\t\t\t\t\t\t\t\t\t\t\t\t\t\t\t\t\t\t\t\t\t\t\t\t\t\t\t\t\t\t\t<\/div>\r\n\t\t\t\t\t\t\t<\/div>\r\n\t\t\t\t\t\t<\/div>\r\n\t\t\t\t\t<\/div>\r\n\t\t\t\t\t\t\t\t\t\t\t\t\t \r\n\t\t\t\t\t<div class=\"wpsm_col-md-4 wpsm_col-sm-6 wpsm-col-div wpsm_single_team\">\r\n\t\t\t\t\t\t<div class=\"wpsm_team_3_member_wrapper\">\r\n\t\t\t\t\t\t\t<div class=\"wpsm_tram_img_wrap\">\r\n\t\t\t\t\t\t\t  <img decoding=\"async\" class=\"img-responsive wpsm_team_3_mem_img\" src=\"http:\/\/raabetech.com\/wp-content\/uploads\/2024\/09\/IMG-20240905-WA0030.jpg\" alt=\"Kadj\u00e9 Mbainanga\">\r\n\t\t\t\t\t\t\t<\/div>\r\n\t\t\t\t\t\t\t\r\n\t\t\t\t\t\t\t<div class=\"wpsm_team_3_member_wrapper_inner\">\r\n\t\t\t\t\t\t\t\t<h3>\r\n\t\t\t\t\t\t\t\t\tKadj\u00e9 Mbainanga\t\t\t\t\t\t\t\t\t<div class=\"wpsm_team_3_name_divider\"><\/div>\r\n\t\t\t\t\t\t\t\t<\/h3>\r\n\t\t\t\t\t\t\t\t<span class=\"wpsm_team_3_b_desig\"> Internal Collaborator, Networks and Telecommunication <\/span> \t\t\t\t\t\t\t\t<p class=\"wpsm_team_3_b_desc\"> Kadj\u00e9 is an internal collaborator of Raabetech. He is graduated the Universit\u00e9 de Dschang, in Cameroon, where he held a Master degree in Networks and Telecommunications.  He has been an intern at ASECNA (Agence pour la S\u00e9curit\u00e9 de la Navigation A\u00e9rienne en Afrique et Madasgacar) where he worked within the Maintenance of Radioelectric and\r\nand IT Infrastructure service. Kadj\u00e9 also developed skills in digital marketing after attending a training provided by YALI Dakar <\/p> \t\t\t\t\t\t\t\t<div class=\"wpsm_team_3_social_div\">\r\n\t\t\t\t\t\t\t\t\t\t\t\t\t\t\t\t\t\t\t\t\t\t\t\t\t\t\t\t\t\t\t\t\t\t\t\t\t\t\t\t\t\t\t\t<\/div>\r\n\t\t\t\t\t\t\t<\/div>\r\n\t\t\t\t\t\t<\/div>\r\n\t\t\t\t\t<\/div>\r\n\t\t\t\t\t\t\t\t\t\t\t\t\t \r\n\t\t\t\t\t<div class=\"wpsm_col-md-4 wpsm_col-sm-6 wpsm-col-div wpsm_single_team\">\r\n\t\t\t\t\t\t<div class=\"wpsm_team_3_member_wrapper\">\r\n\t\t\t\t\t\t\t<div class=\"wpsm_tram_img_wrap\">\r\n\t\t\t\t\t\t\t  <img decoding=\"async\" class=\"img-responsive wpsm_team_3_mem_img\" src=\"http:\/\/raabetech.com\/wp-content\/uploads\/2024\/09\/Photo-ALX.png\" alt=\"Naimou G. Isma\u00ebl\">\r\n\t\t\t\t\t\t\t<\/div>\r\n\t\t\t\t\t\t\t\r\n\t\t\t\t\t\t\t<div class=\"wpsm_team_3_member_wrapper_inner\">\r\n\t\t\t\t\t\t\t\t<h3>\r\n\t\t\t\t\t\t\t\t\tNaimou G. Isma\u00ebl\t\t\t\t\t\t\t\t\t<div class=\"wpsm_team_3_name_divider\"><\/div>\r\n\t\t\t\t\t\t\t\t<\/h3>\r\n\t\t\t\t\t\t\t\t<span class=\"wpsm_team_3_b_desig\"> External Collaborator, Software Developer <\/span> \t\t\t\t\t\t\t\t<p class=\"wpsm_team_3_b_desc\"> Dipl\u00f4m\u00e9 de l'universit\u00e9 St Charles Lwanga en Genie Logiciel, je totalise a mon actif trois ans d'exp\u00e9rience en d\u00e9veloppement web et mobile.\r\nJ'ai contribu\u00e9 \u00e0 plusieurs projets cl\u00e9s et innovants. Mon expertise couvre des technologies telles que Flutter et Firebase, me permettant de concevoir des applications multiplateformes robustes, intuitives et \u00e9l\u00e9gantes. J'adopte la m\u00e9thodologie agile pour une gestion de projet efficace. De plus, mes comp\u00e9tences en Symfony me permettent de d\u00e9velopper des applications web de haute qualit\u00e9, et ma ma\u00eetrise d'API Platform est un atout pour la cr\u00e9ation d'API s\u00e9curis\u00e9es, compl\u00e8tes et pr\u00eates \u00e0 l'emploi. <\/p> \t\t\t\t\t\t\t\t<div class=\"wpsm_team_3_social_div\">\r\n\t\t\t\t\t\t\t\t\t\t\t\t\t\t\t\t\t\t\t\t\t\t\t\t\t\t\t\t\t\t\t\t\t\t\t\t\t\t\t\t\t\t\t\t<\/div>\r\n\t\t\t\t\t\t\t<\/div>\r\n\t\t\t\t\t\t<\/div>\r\n\t\t\t\t\t<\/div>\r\n\t\t\t\t\t\t\t\t\t\t\t<\/div>\r\n\t\t\t\t\t\t<div class=\"wpsm_row\">\r\n\t\t\t\t\t\t\t\t\t\t\t\t\t\t \r\n\t\t\t\t\t<div class=\"wpsm_col-md-4 wpsm_col-sm-6 wpsm-col-div wpsm_single_team\">\r\n\t\t\t\t\t\t<div class=\"wpsm_team_3_member_wrapper\">\r\n\t\t\t\t\t\t\t<div class=\"wpsm_tram_img_wrap\">\r\n\t\t\t\t\t\t\t  <img decoding=\"async\" class=\"img-responsive wpsm_team_3_mem_img\" src=\"http:\/\/raabetech.com\/wp-content\/uploads\/2024\/09\/WhatsApp-Image-2024-09-17-at-10.59.53.jpeg\" alt=\"Ignazianki Saleh PAHIMI\">\r\n\t\t\t\t\t\t\t<\/div>\r\n\t\t\t\t\t\t\t\r\n\t\t\t\t\t\t\t<div class=\"wpsm_team_3_member_wrapper_inner\">\r\n\t\t\t\t\t\t\t\t<h3>\r\n\t\t\t\t\t\t\t\t\tIgnazianki Saleh PAHIMI\t\t\t\t\t\t\t\t\t<div class=\"wpsm_team_3_name_divider\"><\/div>\r\n\t\t\t\t\t\t\t\t<\/h3>\r\n\t\t\t\t\t\t\t\t<span class=\"wpsm_team_3_b_desig\"> Internal Collaborator, Cartographer <\/span> \t\t\t\t\t\t\t\t<p class=\"wpsm_team_3_b_desc\"> Ignazianki is an internal collaborator holding a Master degree in Cartography from the Universit\u00e9 de Dschang (Cameroun) in 2022.  She worked for Afrique Voyage for the realization of web mapping of touristic attractions in the Guerra county located in the center of Chad. She was volunteer for the United Nations High Commissioner for Refugee (UNHCR) in 2023.  <\/p> \t\t\t\t\t\t\t\t<div class=\"wpsm_team_3_social_div\">\r\n\t\t\t\t\t\t\t\t\t\t\t\t\t\t\t\t\t\t\t\t\t\t\t\t\t\t\t\t\t\t\t\t\t\t\t\t\t\t\t\t\t\t\t\t<\/div>\r\n\t\t\t\t\t\t\t<\/div>\r\n\t\t\t\t\t\t<\/div>\r\n\t\t\t\t\t<\/div>\r\n\t\t\t\t\t\t\t\t\t\t\t\t\t \r\n\t\t\t\t\t<div class=\"wpsm_col-md-4 wpsm_col-sm-6 wpsm-col-div wpsm_single_team\">\r\n\t\t\t\t\t\t<div class=\"wpsm_team_3_member_wrapper\">\r\n\t\t\t\t\t\t\t<div class=\"wpsm_tram_img_wrap\">\r\n\t\t\t\t\t\t\t  <img decoding=\"async\" class=\"img-responsive wpsm_team_3_mem_img\" src=\"http:\/\/raabetech.com\/wp-content\/uploads\/2024\/09\/WhatsApp-Image-2024-09-15-at-16.38.25.jpeg\" alt=\"Espoir Djikolem MATEL\">\r\n\t\t\t\t\t\t\t<\/div>\r\n\t\t\t\t\t\t\t\r\n\t\t\t\t\t\t\t<div class=\"wpsm_team_3_member_wrapper_inner\">\r\n\t\t\t\t\t\t\t\t<h3>\r\n\t\t\t\t\t\t\t\t\tEspoir Djikolem MATEL\t\t\t\t\t\t\t\t\t<div class=\"wpsm_team_3_name_divider\"><\/div>\r\n\t\t\t\t\t\t\t\t<\/h3>\r\n\t\t\t\t\t\t\t\t<span class=\"wpsm_team_3_b_desig\"> Internal Collaborator, Legal Adviser <\/span> \t\t\t\t\t\t\t\t\t\t\t\t\t\t\t\t<div class=\"wpsm_team_3_social_div\">\r\n\t\t\t\t\t\t\t\t\t\t\t\t\t\t\t\t\t\t\t\t\t\t\t\t\t\t\t\t\t\t\t\t\t\t\t\t\t\t\t\t\t\t\t\t<\/div>\r\n\t\t\t\t\t\t\t<\/div>\r\n\t\t\t\t\t\t<\/div>\r\n\t\t\t\t\t<\/div>\r\n\t\t\t\t\t\t\t\t\t\t\t\t\t \r\n\t\t\t\t\t<div class=\"wpsm_col-md-4 wpsm_col-sm-6 wpsm-col-div wpsm_single_team\">\r\n\t\t\t\t\t\t<div class=\"wpsm_team_3_member_wrapper\">\r\n\t\t\t\t\t\t\t<div class=\"wpsm_tram_img_wrap\">\r\n\t\t\t\t\t\t\t  <img decoding=\"async\" class=\"img-responsive wpsm_team_3_mem_img\" src=\"http:\/\/raabetech.com\/wp-content\/uploads\/2024\/09\/user.jpg\" alt=\"Dr. Nodjioutengar Evariste DJIMASDE\">\r\n\t\t\t\t\t\t\t<\/div>\r\n\t\t\t\t\t\t\t\r\n\t\t\t\t\t\t\t<div class=\"wpsm_team_3_member_wrapper_inner\">\r\n\t\t\t\t\t\t\t\t<h3>\r\n\t\t\t\t\t\t\t\t\tDr. Nodjioutengar Evariste DJIMASDE\t\t\t\t\t\t\t\t\t<div class=\"wpsm_team_3_name_divider\"><\/div>\r\n\t\t\t\t\t\t\t\t<\/h3>\r\n\t\t\t\t\t\t\t\t<span class=\"wpsm_team_3_b_desig\"> External Collaborator, Legal Advisor <\/span> \t\t\t\t\t\t\t\t\t\t\t\t\t\t\t\t<div class=\"wpsm_team_3_social_div\">\r\n\t\t\t\t\t\t\t\t\t\t\t\t\t\t\t\t\t\t\t\t\t\t\t\t\t\t\t\t\t\t\t\t\t\t\t\t\t\t\t\t\t\t\t\t<\/div>\r\n\t\t\t\t\t\t\t<\/div>\r\n\t\t\t\t\t\t<\/div>\r\n\t\t\t\t\t<\/div>\r\n\t\t\t\t\t\t\t\t\t\t\t<\/div>\r\n\t\t\t\t\t\t<div class=\"wpsm_row\">\r\n\t\t\t\t\t\t\t\t\t\t\t\t\t\r\n\t\t<\/div>\r\n\t<\/div><\/div>\n\t\t\t\t<\/div>\n\t\t\t\t<\/div>\n\t\t\t\t<\/div>\n\t\t<div class=\"elementor-element elementor-element-160e8b8 e-flex e-con-boxed e-con e-parent\" data-id=\"160e8b8\" data-element_type=\"container\">\n\t\t\t\t\t<div class=\"e-con-inner\">\n\t\t\t\t\t<\/div>\n\t\t\t\t<\/div>\n\t\t\t\t<\/div>\n\t\t","protected":false},"excerpt":{"rendered":"<p>A dedicated team skilled in diverse array of skills with international exposure<\/p>\n","protected":false},"author":1,"featured_media":0,"parent":0,"menu_order":0,"comment_status":"closed","ping_status":"closed","template":"","meta":{"footnotes":""},"class_list":["post-128","page","type-page","status-publish","hentry"],"_links":{"self":[{"href":"https:\/\/raabetech.com\/index.php\/wp-json\/wp\/v2\/pages\/128","targetHints":{"allow":["GET"]}}],"collection":[{"href":"https:\/\/raabetech.com\/index.php\/wp-json\/wp\/v2\/pages"}],"about":[{"href":"https:\/\/raabetech.com\/index.php\/wp-json\/wp\/v2\/types\/page"}],"author":[{"embeddable":true,"href":"https:\/\/raabetech.com\/index.php\/wp-json\/wp\/v2\/users\/1"}],"replies":[{"embeddable":true,"href":"https:\/\/raabetech.com\/index.php\/wp-json\/wp\/v2\/comments?post=128"}],"version-history":[{"count":22,"href":"https:\/\/raabetech.com\/index.php\/wp-json\/wp\/v2\/pages\/128\/revisions"}],"predecessor-version":[{"id":325,"href":"https:\/\/raabetech.com\/index.php\/wp-json\/wp\/v2\/pages\/128\/revisions\/325"}],"wp:attachment":[{"href":"https:\/\/raabetech.com\/index.php\/wp-json\/wp\/v2\/media?parent=128"}],"curies":[{"name":"wp","href":"https:\/\/api.w.org\/{rel}","templated":true}]}}